{"id":320,"date":"2024-04-22T11:28:52","date_gmt":"2024-04-22T09:28:52","guid":{"rendered":"https:\/\/backcountrygreenland.com\/?page_id=320"},"modified":"2025-01-22T18:37:40","modified_gmt":"2025-01-22T20:37:40","slug":"hotel-sisimiut","status":"publish","type":"page","link":"https:\/\/backcountrygreenland.com\/da\/hotel-sisimiut\/","title":{"rendered":"Hotel Sisimiut"},"content":{"rendered":"<h1>Hotel Sisimiut<\/h1>\n<div>\n<p><strong>P\u00e5 udkig efter et hotel i Sisimiut?<\/strong> Efter en dag fyldt med oplevelser giver vores v\u00e6relser en hyggelig og komfortabel base. Om det er forretning eller ferie, har vi et v\u00e6relse, der passer til dine behov! bhjuivuit<\/p>\n<\/div>\n<ul>\n<li>\n        <a href=\"https:\/\/picassoonline.techotel.dk\/da\/hotel-sisimiut\/hotel-sisimiut\/booking\/rooms\/\">Book V\u00e6relse<\/a>\n    <\/li>\n<li>\n        <a href=\"\">Spiseriet<\/a>\n    <\/li>\n<\/ul>\n<p>\n    <a href=\"\/da\/hotel-sisimiut\/restaurant\/\">Spiseriet<\/a>\n<\/p>\n<h1>Velkommen til hotel Sisimiut og Spiseriet Nasaasaaq<\/h1>\n<div>\n<p>P\u00e5 Hotel Sisimiut \u00f8nsker vi at v\u00e6re mere end blot et sted at sove; vi str\u00e6ber efter at v\u00e6re hjemsted for l\u00e6ring, afslapning og forn\u00f8jelse. Vores brede udvalg af tjenester og faciliteter im\u00f8dekommer b\u00e5de forretningsrejsende og ferieg\u00e6ster samt arrangementer og konferencer. Vi g\u00f8r alt for at sikre en uforglemmelig oplevelse og im\u00f8dekomme dine behov.<\/p>\n<\/div>\n<h2>Dit Hjem V\u00e6k Hjemmefra<\/h2>\n<div>\n<p>P\u00e5 Hotel Sisimiut tilbyder vi et udvalg af v\u00e6relser, der er designet til at im\u00f8dekomme dine specifikke behov. Hvert v\u00e6relse er omhyggeligt indrettet for at skabe en varm og hjemlig atmosf\u00e6re, fuldendt med unikke gr\u00f8nlandske detaljer. Udforsk mulighederne her.<\/p>\n<\/div>\n<p>\n    <a href=\"\/da\/hotel-sisimiut\/rooms\/\">Se v\u00e6relser<\/a>\n<\/p>\n<h2>Den unikke smag af Gr\u00f8nland<\/h2>\n<div>\n<p>Ved siden af Hotel Sisimiut ligger Restaurant Nasaasaaq, hvor vi str\u00e6ber efter at give dig den bedst mulige oplevelse. Uanset om du er lokal og fejrer en s\u00e6rlig anledning, g\u00e6st p\u00e5 hotellet, eller en vandrer, der netop er vendt tilbage fra \u00f8demarken, st\u00e5r vi klar til at g\u00f8re din oplevelse mindev\u00e6rdig.<\/p>\n<\/div>\n<p>\n    <a href=\"\/da\/hotel-sisimiut\/restaurant\/\">L\u00e6s mere<\/a>\n<\/p>\n<h2>Arctic spa<\/h2>\n<div>\n<p>Slap af i det beroligende vildmarksbad og sauna, og nyd den unikke mulighed for at bade under de betagende nordlys eller det fortryllende sk\u00e6r fra midnatssolen.<\/p>\n<\/div>\n<p>\n    <a href=\"\/da\/hotel-sisimiut\/artic-spa\/\">L\u00e6s mere<\/a>\n<\/p>\n<h2>Konferencer<\/h2>\n<div>\n<p>Hotel Sisimiut tilbyder firestjerners konferencefaciliteter. Vi er et oplagt og effektivt valg, n\u00e5r du har brug for at arrangere kurser, m\u00f8der eller konferencer i Gr\u00f8nland.<\/p>\n<\/div>\n<p>\n    <a href=\"\/da\/hotel-sisimiut\/conference\/\">L\u00e6s mere <\/a>\n<\/p>\n<ul>\n<li>\n<p>        <img decoding=\"async\" src=\"\/wp-content\/uploads\/2025\/01\/tais-1.jpeg\" alt=\"\"><\/p>\n<h2>Feriepakker<\/h2>\n<p><a href=\"\/da\/hotel-sisimiut\/feriepakker\/\">L\u00e6s mere<\/a><\/p>\n<\/li>\n<li>\n<p>        <img decoding=\"async\" src=\"\/wp-content\/uploads\/2025\/01\/Hotel_Sisimiut-13-scaled.jpg\" alt=\"\"><\/p>\n<h2>Konference<\/h2>\n<p><a href=\"\/da\/hotel-sisimiut\/conference\/\">L\u00e6s mere<\/a><\/p>\n<\/li>\n<li>\n<p>        <img decoding=\"async\" src=\"\/wp-content\/uploads\/2024\/04\/201803_Greenland_Photo_7D_4100.jpg\" alt=\"\"><\/p>\n<h2>M\u00f8d os<\/h2>\n<p><a href=\"\/da\/om-os\/\">L\u00e6s mere<\/a><\/p>\n<\/li>\n<li>\n<p>        <img decoding=\"async\" src=\"\/wp-content\/uploads\/2024\/09\/20230803_194339-scaled.jpg\" alt=\"\"><\/p>\n<h2>Tours<\/h2>\n<p><a href=\"\/da\/sisimiut-tours\/\">L\u00e6s mere<\/a><\/p>\n<\/li>\n<\/ul>\n<p><!--more--><br \/>\n<!-- {\"type\":\"layout\",\"children\":[{\"type\":\"section\",\"props\":{\"class\":\"uk-light\",\"header_transparent\":true,\"height\":\"viewport\",\"height_offset_top\":true,\"height_viewport\":80,\"image_position\":\"center-center\",\"image_size\":\"cover\",\"media_overlay_gradient\":\"linear-gradient(180deg, rgba(0,0,0,0) 50%, rgba(0,0,0,0.75) 100%)\",\"style\":\"default\",\"title_breakpoint\":\"xl\",\"title_position\":\"top-left\",\"title_rotation\":\"left\",\"vertical_align\":\"bottom\",\"video\":\"wp-content\\\/uploads\\\/2025\\\/01\\\/web-htl-sis.mp4\",\"width\":\"default\"},\"children\":[{\"type\":\"row\",\"props\":{\"layout\":\"1-2,1-2\"},\"children\":[{\"type\":\"column\",\"props\":{\"image_position\":\"center-center\",\"position_sticky_breakpoint\":\"m\",\"width_medium\":\"1-2\"},\"children\":[{\"type\":\"headline\",\"props\":{\"content\":\"Hotel Sisimiut\",\"title_element\":\"h1\",\"title_style\":\"heading-large\"}}]},{\"type\":\"column\",\"props\":{\"image_position\":\"center-center\",\"position_sticky_breakpoint\":\"m\",\"width_medium\":\"1-2\"},\"children\":[{\"type\":\"text\",\"props\":{\"column_breakpoint\":\"m\",\"content\":\"\n\n<p><strong>P\\u00e5 udkig efter et hotel i Sisimiut?<\\\/strong> Efter en dag fyldt med oplevelser giver vores v\\u00e6relser en hyggelig og komfortabel base. Om det er forretning eller ferie, har vi et v\\u00e6relse, der passer til dine behov! bhjuivuit<\\\/p>\",\"margin\":\"default\",\"maxwidth\":\"large\"}},{\"type\":\"button\",\"props\":{\"grid_column_gap\":\"small\",\"grid_row_gap\":\"small\",\"margin\":\"default\"},\"children\":[{\"type\":\"button_item\",\"props\":{\"button_style\":\"default\",\"content\":\"Book V\\u00e6relse\",\"icon_align\":\"left\",\"link\":\"https:\\\/\\\/picassoonline.techotel.dk\\\/da\\\/hotel-sisimiut\\\/hotel-sisimiut\\\/booking\\\/rooms\\\/\"}},{\"type\":\"button_item\",\"props\":{\"button_style\":\"default\",\"content\":\"Spiseriet\",\"icon_align\":\"left\"}}]},{\"type\":\"button\",\"props\":{\"grid_column_gap\":\"small\",\"grid_row_gap\":\"small\",\"margin\":\"default\"},\"children\":[{\"type\":\"button_item\",\"props\":{\"button_style\":\"default\",\"content\":\"Spiseriet\",\"icon_align\":\"left\",\"link\":\"da\\\/hotel-sisimiut\\\/restaurant\\\/\",\"link_title\":\"Spiseriet\"}}]}]}]}]},{\"type\":\"section\",\"props\":{\"image_position\":\"center-center\",\"padding\":\"xsmall\",\"style\":\"primary\",\"title_breakpoint\":\"xl\",\"title_position\":\"top-left\",\"title_rotation\":\"left\",\"vertical_align\":\"middle\",\"width\":\"default\"},\"children\":[{\"type\":\"row\",\"children\":[{\"type\":\"column\",\"props\":{\"image_position\":\"center-center\",\"position_sticky_breakpoint\":\"m\"},\"children\":[{\"type\":\"breadcrumbs\",\"props\":{\"show_current\":true,\"show_home\":true}}]}]}],\"name\":\"Breadcrumb\"},{\"type\":\"section\",\"props\":{\"image_position\":\"center-center\",\"padding\":\"large\",\"style\":\"default\",\"title_breakpoint\":\"xl\",\"title_position\":\"top-left\",\"title_rotation\":\"left\",\"vertical_align\":\"middle\",\"width\":\"default\"},\"children\":[{\"type\":\"row\",\"children\":[{\"type\":\"column\",\"props\":{\"image_position\":\"center-center\",\"position_sticky_breakpoint\":\"m\"},\"children\":[{\"type\":\"headline\",\"props\":{\"content\":\"Velkommen til hotel Sisimiut og Spiseriet Nasaasaaq\",\"text_align\":\"center\",\"title_element\":\"h1\"}},{\"type\":\"text\",\"props\":{\"block_align\":\"center\",\"column_breakpoint\":\"m\",\"content\":\"\n\n<p>P\\u00e5 Hotel Sisimiut \\u00f8nsker vi at v\\u00e6re mere end blot et sted at sove; vi str\\u00e6ber efter at v\\u00e6re hjemsted for l\\u00e6ring, afslapning og forn\\u00f8jelse. Vores brede udvalg af tjenester og faciliteter im\\u00f8dekommer b\\u00e5de forretningsrejsende og ferieg\\u00e6ster samt arrangementer og konferencer. Vi g\\u00f8r alt for at sikre en uforglemmelig oplevelse og im\\u00f8dekomme dine behov.<\\\/p>\",\"margin\":\"default\",\"maxwidth\":\"2xlarge\",\"maxwidth_breakpoint\":\"m\",\"text_align\":\"center\"}}]}]}]},{\"type\":\"section\",\"props\":{\"image_position\":\"center-center\",\"padding\":\"none\",\"style\":\"default\",\"title_breakpoint\":\"xl\",\"title_position\":\"top-left\",\"title_rotation\":\"left\",\"vertical_align\":\"middle\",\"width\":\"\"},\"children\":[{\"type\":\"row\",\"props\":{\"column_gap\":\"collapse\",\"layout\":\"3-5,2-5\",\"row_gap\":\"collapse\"},\"children\":[{\"type\":\"column\",\"props\":{\"image_position\":\"center-center\",\"order_first\":\"m\",\"padding\":\"large\",\"position_sticky_breakpoint\":\"m\",\"style\":\"card-primary\",\"width_medium\":\"3-5\"},\"children\":[{\"type\":\"headline\",\"props\":{\"content\":\"Dit Hjem V\\u00e6k Hjemmefra\",\"title_element\":\"h2\"}},{\"type\":\"text\",\"props\":{\"column_breakpoint\":\"m\",\"content\":\"\n\n<p>P\\u00e5 Hotel Sisimiut tilbyder vi et udvalg af v\\u00e6relser, der er designet til at im\\u00f8dekomme dine specifikke behov. Hvert v\\u00e6relse er omhyggeligt indrettet for at skabe en varm og hjemlig atmosf\\u00e6re, fuldendt med unikke gr\\u00f8nlandske detaljer. Udforsk mulighederne her.<\\\/p>\",\"margin\":\"default\",\"maxwidth\":\"xlarge\",\"maxwidth_breakpoint\":\"m\"}},{\"type\":\"button\",\"props\":{\"grid_column_gap\":\"small\",\"grid_row_gap\":\"small\",\"margin\":\"default\",\"text_align\":\"right\",\"text_align_breakpoint\":\"m\"},\"children\":[{\"type\":\"button_item\",\"props\":{\"button_style\":\"default\",\"content\":\"Se v\\u00e6relser\",\"icon_align\":\"left\",\"link\":\"da\\\/hotel-sisimiut\\\/rooms\\\/\"}}]}]},{\"type\":\"column\",\"props\":{\"css\":\".uk-background-norepeat {\\n    min-height: 300px;\\n}\",\"image\":\"wp-content\\\/uploads\\\/2024\\\/05\\\/twin-scaled.jpg\",\"image_position\":\"center-center\",\"image_size\":\"cover\",\"order_first\":\"xs\",\"position_sticky_breakpoint\":\"m\",\"width_medium\":\"2-5\"}}]}]},{\"type\":\"section\",\"props\":{\"image_position\":\"center-center\",\"padding\":\"none\",\"style\":\"default\",\"title_breakpoint\":\"xl\",\"title_position\":\"top-left\",\"title_rotation\":\"left\",\"vertical_align\":\"middle\",\"width\":\"\"},\"children\":[{\"type\":\"row\",\"props\":{\"column_gap\":\"collapse\",\"layout\":\"2-5,3-5\",\"row_gap\":\"collapse\"},\"children\":[{\"type\":\"column\",\"props\":{\"css\":\".uk-background-norepeat {\\n    min-height: 300px;\\n}\",\"image\":\"wp-content\\\/uploads\\\/2024\\\/04\\\/Restaurant_153964156-1.jpg\",\"image_position\":\"center-center\",\"position_sticky_breakpoint\":\"m\",\"style\":\"card-primary\",\"width_medium\":\"2-5\"}},{\"type\":\"column\",\"props\":{\"image_position\":\"center-center\",\"image_size\":\"cover\",\"padding\":\"large\",\"position_sticky_breakpoint\":\"m\",\"style\":\"card-secondary\",\"width_medium\":\"3-5\"},\"children\":[{\"type\":\"headline\",\"props\":{\"content\":\"Den unikke smag af Gr\\u00f8nland\",\"title_element\":\"h2\"}},{\"type\":\"text\",\"props\":{\"column_breakpoint\":\"m\",\"content\":\"\n\n<p>Ved siden af Hotel Sisimiut ligger Restaurant Nasaasaaq, hvor vi str\\u00e6ber efter at give dig den bedst mulige oplevelse. Uanset om du er lokal og fejrer en s\\u00e6rlig anledning, g\\u00e6st p\\u00e5 hotellet, eller en vandrer, der netop er vendt tilbage fra \\u00f8demarken, st\\u00e5r vi klar til at g\\u00f8re din oplevelse mindev\\u00e6rdig.<\\\/p>\",\"margin\":\"default\",\"maxwidth\":\"xlarge\",\"maxwidth_breakpoint\":\"m\"}},{\"type\":\"button\",\"props\":{\"grid_column_gap\":\"small\",\"grid_row_gap\":\"small\",\"margin\":\"default\",\"text_align\":\"right\",\"text_align_breakpoint\":\"m\"},\"children\":[{\"type\":\"button_item\",\"props\":{\"button_style\":\"default\",\"content\":\"L\\u00e6s mere\",\"icon_align\":\"left\",\"link\":\"da\\\/hotel-sisimiut\\\/restaurant\\\/\"}}]}]}]}]},{\"type\":\"section\",\"props\":{\"image_position\":\"center-center\",\"padding\":\"none\",\"style\":\"default\",\"title_breakpoint\":\"xl\",\"title_position\":\"top-left\",\"title_rotation\":\"left\",\"vertical_align\":\"middle\",\"width\":\"\"},\"children\":[{\"type\":\"row\",\"props\":{\"column_gap\":\"collapse\",\"layout\":\"3-5,2-5\",\"row_gap\":\"collapse\"},\"children\":[{\"type\":\"column\",\"props\":{\"image_position\":\"center-center\",\"order_first\":\"m\",\"padding\":\"large\",\"position_sticky_breakpoint\":\"m\",\"style\":\"card-default\",\"width_medium\":\"3-5\"},\"children\":[{\"type\":\"headline\",\"props\":{\"content\":\"Arctic spa\",\"title_element\":\"h2\"}},{\"type\":\"text\",\"props\":{\"column_breakpoint\":\"m\",\"content\":\"\n\n<p>Slap af i det beroligende vildmarksbad og sauna, og nyd den unikke mulighed for at bade under de betagende nordlys eller det fortryllende sk\\u00e6r fra midnatssolen.<\\\/p>\",\"margin\":\"default\",\"maxwidth\":\"xlarge\",\"maxwidth_breakpoint\":\"m\"}},{\"type\":\"button\",\"props\":{\"grid_column_gap\":\"small\",\"grid_row_gap\":\"small\",\"margin\":\"default\",\"text_align\":\"right\",\"text_align_breakpoint\":\"m\"},\"children\":[{\"type\":\"button_item\",\"props\":{\"button_style\":\"default\",\"content\":\"L\\u00e6s mere\",\"icon_align\":\"left\",\"link\":\"da\\\/hotel-sisimiut\\\/artic-spa\\\/\"}}]}]},{\"type\":\"column\",\"props\":{\"css\":\".uk-background-norepeat {\\n    min-height: 300px;\\n}\",\"image\":\"wp-content\\\/uploads\\\/2024\\\/12\\\/Hotel-Sisimiut-Arctic-Spa-DSCF6970.jpg\",\"image_position\":\"center-center\",\"image_size\":\"cover\",\"order_first\":\"xs\",\"position_sticky_breakpoint\":\"m\",\"width_medium\":\"2-5\"}}]}]},{\"type\":\"section\",\"props\":{\"image_position\":\"center-center\",\"padding\":\"none\",\"style\":\"default\",\"title_breakpoint\":\"xl\",\"title_position\":\"top-left\",\"title_rotation\":\"left\",\"vertical_align\":\"middle\",\"width\":\"\"},\"children\":[{\"type\":\"row\",\"props\":{\"column_gap\":\"collapse\",\"layout\":\"2-5,3-5\",\"row_gap\":\"collapse\"},\"children\":[{\"type\":\"column\",\"props\":{\"css\":\".uk-background-norepeat {\\n    min-height: 300px;\\n}\",\"image\":\"wp-content\\\/uploads\\\/2024\\\/12\\\/Laides-scaled.jpg\",\"image_position\":\"center-center\",\"image_width\":\"750\",\"position_sticky_breakpoint\":\"m\",\"style\":\"card-primary\",\"width_medium\":\"2-5\",\"yooessentials_access_conditions\":[],\"yooessentials_access_mode\":\"AND\"}},{\"type\":\"column\",\"props\":{\"image_position\":\"center-center\",\"image_size\":\"cover\",\"padding\":\"large\",\"position_sticky_breakpoint\":\"m\",\"style\":\"card-primary\",\"width_medium\":\"3-5\"},\"children\":[{\"type\":\"headline\",\"props\":{\"content\":\"Konferencer\",\"title_element\":\"h2\"}},{\"type\":\"text\",\"props\":{\"column_breakpoint\":\"m\",\"content\":\"\n\n<p>Hotel Sisimiut tilbyder firestjerners konferencefaciliteter. Vi er et oplagt og effektivt valg, n\\u00e5r du har brug for at arrangere kurser, m\\u00f8der eller konferencer i Gr\\u00f8nland.<\\\/p>\",\"margin\":\"default\",\"maxwidth\":\"xlarge\",\"maxwidth_breakpoint\":\"m\"}},{\"type\":\"button\",\"props\":{\"grid_column_gap\":\"small\",\"grid_row_gap\":\"small\",\"margin\":\"default\",\"text_align\":\"right\",\"text_align_breakpoint\":\"m\"},\"children\":[{\"type\":\"button_item\",\"props\":{\"button_style\":\"default\",\"content\":\"L\\u00e6s mere \",\"icon_align\":\"left\",\"link\":\"da\\\/hotel-sisimiut\\\/conference\\\/\"}}]}]}]}]},{\"type\":\"section\",\"props\":{\"image_position\":\"center-center\",\"padding\":\"large\",\"style\":\"default\",\"title_breakpoint\":\"xl\",\"title_position\":\"top-left\",\"title_rotation\":\"left\",\"vertical_align\":\"middle\",\"width\":\"xlarge\"},\"children\":[{\"type\":\"row\",\"children\":[{\"type\":\"column\",\"props\":{\"image_position\":\"center-center\",\"position_sticky_breakpoint\":\"m\"},\"children\":[{\"type\":\"overlay-slider\",\"props\":{\"class\":\"uk-light\",\"image_height\":\"900\",\"image_width\":\"600\",\"link_style\":\"default\",\"link_text\":\"Read more\",\"margin\":\"default\",\"meta_align\":\"below-title\",\"meta_element\":\"div\",\"meta_style\":\"text-meta\",\"nav\":\"\",\"nav_align\":\"center\",\"nav_breakpoint\":\"s\",\"overlay_mode\":\"cover\",\"overlay_position\":\"bottom-center\",\"overlay_transition\":\"fade\",\"show_content\":true,\"show_hover_image\":true,\"show_link\":true,\"show_meta\":true,\"show_title\":true,\"slidenav\":\"outside\",\"slidenav_breakpoint\":\"s\",\"slidenav_margin\":\"medium\",\"slidenav_outside_breakpoint\":\"xl\",\"slider_autoplay_pause\":true,\"slider_center\":false,\"slider_gap\":\"small\",\"slider_sets\":false,\"slider_width\":\"fixed\",\"slider_width_default\":\"1-1\",\"slider_width_large\":\"1-4\",\"slider_width_medium\":\"1-3\",\"slider_width_small\":\"1-2\",\"text_align\":\"center\",\"title_element\":\"h2\",\"title_hover_style\":\"reset\"},\"children\":[{\"type\":\"overlay-slider_item\",\"props\":{\"image\":\"wp-content\\\/uploads\\\/2025\\\/01\\\/tais-1.jpeg\",\"link\":\"da\\\/hotel-sisimiut\\\/feriepakker\\\/\",\"link_text\":\"L\\u00e6s mere\",\"title\":\"Feriepakker\"}},{\"type\":\"overlay-slider_item\",\"props\":{\"image\":\"wp-content\\\/uploads\\\/2025\\\/01\\\/Hotel_Sisimiut-13-scaled.jpg\",\"link\":\"da\\\/hotel-sisimiut\\\/conference\\\/\",\"link_text\":\"L\\u00e6s mere\",\"title\":\"Konference\"}},{\"type\":\"overlay-slider_item\",\"props\":{\"image\":\"wp-content\\\/uploads\\\/2024\\\/04\\\/201803_Greenland_Photo_7D_4100.jpg\",\"link\":\"da\\\/om-os\\\/\",\"link_text\":\"L\\u00e6s mere\",\"title\":\"M\\u00f8d os\"}},{\"type\":\"overlay-slider_item\",\"props\":{\"image\":\"wp-content\\\/uploads\\\/2024\\\/09\\\/20230803_194339-scaled.jpg\",\"link\":\"da\\\/sisimiut-tours\\\/\",\"link_text\":\"L\\u00e6s mere\",\"title\":\"Tours\"}}]}]}]}]}],\"version\":\"4.3.5\",\"yooessentialsVersion\":\"2.2.31\"} --><\/p>\n","protected":false},"excerpt":{"rendered":"<p>Hotel Sisimiut P\u00e5 udkig efter et hotel i Sisimiut? Efter en dag fyldt med oplevelser giver vores v\u00e6relser en hyggelig og komfortabel base. Om det er forretning eller ferie, har vi et v\u00e6relse, der passer til dine behov! bhjuivuit Book V\u00e6relse Spiseriet Spiseriet Velkommen til hotel Sisimiut og Spiseriet Nasaasaaq P\u00e5 Hotel Sisimiut \u00f8nsker vi [&hellip;]<\/p>\n","protected":false},"author":1,"featured_media":1708,"parent":0,"menu_order":0,"comment_status":"closed","ping_status":"closed","template":"","meta":{"_acf_changed":false,"footnotes":""},"class_list":["post-320","page","type-page","status-publish","has-post-thumbnail","hentry"],"acf":[],"yoast_head":"<!-- This site is optimized with the Yoast SEO plugin v27.4 - https:\/\/yoast.com\/product\/yoast-seo-wordpress\/ -->\n<title>Hotel Sisimiut - Backcountry Greenland<\/title>\n<meta name=\"robots\" content=\"index, follow, max-snippet:-1, max-image-preview:large, max-video-preview:-1\" \/>\n<link rel=\"canonical\" href=\"https:\/\/backcountrygreenland.com\/da\/hotel-sisimiut\/\" \/>\n<meta property=\"og:locale\" content=\"da_DK\" \/>\n<meta property=\"og:type\" content=\"article\" \/>\n<meta property=\"og:title\" content=\"Hotel Sisimiut - Backcountry Greenland\" \/>\n<meta property=\"og:description\" content=\"Hotel Sisimiut P\u00e5 udkig efter et hotel i Sisimiut? Efter en dag fyldt med oplevelser giver vores v\u00e6relser en hyggelig og komfortabel base. Om det er forretning eller ferie, har vi et v\u00e6relse, der passer til dine behov! bhjuivuit Book V\u00e6relse Spiseriet Spiseriet Velkommen til hotel Sisimiut og Spiseriet Nasaasaaq P\u00e5 Hotel Sisimiut \u00f8nsker vi [&hellip;]\" \/>\n<meta property=\"og:url\" content=\"https:\/\/backcountrygreenland.com\/da\/hotel-sisimiut\/\" \/>\n<meta property=\"og:site_name\" content=\"Backcountry Greenland\" \/>\n<meta property=\"article:modified_time\" content=\"2025-01-22T20:37:40+00:00\" \/>\n<meta property=\"og:image\" content=\"https:\/\/backcountrygreenland.com\/wp-content\/uploads\/2024\/06\/DJI_0591-scaled.jpg\" \/>\n\t<meta property=\"og:image:width\" content=\"2560\" \/>\n\t<meta property=\"og:image:height\" content=\"1440\" \/>\n\t<meta property=\"og:image:type\" content=\"image\/jpeg\" \/>\n<meta name=\"twitter:card\" content=\"summary_large_image\" \/>\n<meta name=\"twitter:label1\" content=\"Estimeret l\u00e6setid\" \/>\n\t<meta name=\"twitter:data1\" content=\"3 minutter\" \/>\n<script type=\"application\/ld+json\" class=\"yoast-schema-graph\">{\"@context\":\"https:\\\/\\\/schema.org\",\"@graph\":[{\"@type\":\"WebPage\",\"@id\":\"https:\\\/\\\/backcountrygreenland.com\\\/da\\\/hotel-sisimiut\\\/\",\"url\":\"https:\\\/\\\/backcountrygreenland.com\\\/da\\\/hotel-sisimiut\\\/\",\"name\":\"Hotel Sisimiut - Backcountry Greenland\",\"isPartOf\":{\"@id\":\"https:\\\/\\\/backcountrygreenland.com\\\/da\\\/#website\"},\"primaryImageOfPage\":{\"@id\":\"https:\\\/\\\/backcountrygreenland.com\\\/da\\\/hotel-sisimiut\\\/#primaryimage\"},\"image\":{\"@id\":\"https:\\\/\\\/backcountrygreenland.com\\\/da\\\/hotel-sisimiut\\\/#primaryimage\"},\"thumbnailUrl\":\"https:\\\/\\\/backcountrygreenland.com\\\/wp-content\\\/uploads\\\/2024\\\/06\\\/DJI_0591-scaled.jpg\",\"datePublished\":\"2024-04-22T09:28:52+00:00\",\"dateModified\":\"2025-01-22T20:37:40+00:00\",\"breadcrumb\":{\"@id\":\"https:\\\/\\\/backcountrygreenland.com\\\/da\\\/hotel-sisimiut\\\/#breadcrumb\"},\"inLanguage\":\"da-DK\",\"potentialAction\":[{\"@type\":\"ReadAction\",\"target\":[\"https:\\\/\\\/backcountrygreenland.com\\\/da\\\/hotel-sisimiut\\\/\"]}]},{\"@type\":\"ImageObject\",\"inLanguage\":\"da-DK\",\"@id\":\"https:\\\/\\\/backcountrygreenland.com\\\/da\\\/hotel-sisimiut\\\/#primaryimage\",\"url\":\"https:\\\/\\\/backcountrygreenland.com\\\/wp-content\\\/uploads\\\/2024\\\/06\\\/DJI_0591-scaled.jpg\",\"contentUrl\":\"https:\\\/\\\/backcountrygreenland.com\\\/wp-content\\\/uploads\\\/2024\\\/06\\\/DJI_0591-scaled.jpg\",\"width\":2560,\"height\":1440,\"caption\":\"DCIM101MEDIADJI_0591.JPG\"},{\"@type\":\"BreadcrumbList\",\"@id\":\"https:\\\/\\\/backcountrygreenland.com\\\/da\\\/hotel-sisimiut\\\/#breadcrumb\",\"itemListElement\":[{\"@type\":\"ListItem\",\"position\":1,\"name\":\"Home\",\"item\":\"https:\\\/\\\/backcountrygreenland.com\\\/da\\\/\"},{\"@type\":\"ListItem\",\"position\":2,\"name\":\"Hotel Sisimiut\"}]},{\"@type\":\"WebSite\",\"@id\":\"https:\\\/\\\/backcountrygreenland.com\\\/da\\\/#website\",\"url\":\"https:\\\/\\\/backcountrygreenland.com\\\/da\\\/\",\"name\":\"Backcountry Greenland\",\"description\":\"Backcountry Greenland\",\"potentialAction\":[{\"@type\":\"SearchAction\",\"target\":{\"@type\":\"EntryPoint\",\"urlTemplate\":\"https:\\\/\\\/backcountrygreenland.com\\\/da\\\/?s={search_term_string}\"},\"query-input\":{\"@type\":\"PropertyValueSpecification\",\"valueRequired\":true,\"valueName\":\"search_term_string\"}}],\"inLanguage\":\"da-DK\"}]}<\/script>\n<!-- \/ Yoast SEO plugin. -->","yoast_head_json":{"title":"Hotel Sisimiut - Backcountry Greenland","robots":{"index":"index","follow":"follow","max-snippet":"max-snippet:-1","max-image-preview":"max-image-preview:large","max-video-preview":"max-video-preview:-1"},"canonical":"https:\/\/backcountrygreenland.com\/da\/hotel-sisimiut\/","og_locale":"da_DK","og_type":"article","og_title":"Hotel Sisimiut - Backcountry Greenland","og_description":"Hotel Sisimiut P\u00e5 udkig efter et hotel i Sisimiut? Efter en dag fyldt med oplevelser giver vores v\u00e6relser en hyggelig og komfortabel base. Om det er forretning eller ferie, har vi et v\u00e6relse, der passer til dine behov! bhjuivuit Book V\u00e6relse Spiseriet Spiseriet Velkommen til hotel Sisimiut og Spiseriet Nasaasaaq P\u00e5 Hotel Sisimiut \u00f8nsker vi [&hellip;]","og_url":"https:\/\/backcountrygreenland.com\/da\/hotel-sisimiut\/","og_site_name":"Backcountry Greenland","article_modified_time":"2025-01-22T20:37:40+00:00","og_image":[{"width":2560,"height":1440,"url":"https:\/\/backcountrygreenland.com\/wp-content\/uploads\/2024\/06\/DJI_0591-scaled.jpg","type":"image\/jpeg"}],"twitter_card":"summary_large_image","twitter_misc":{"Estimeret l\u00e6setid":"3 minutter"},"schema":{"@context":"https:\/\/schema.org","@graph":[{"@type":"WebPage","@id":"https:\/\/backcountrygreenland.com\/da\/hotel-sisimiut\/","url":"https:\/\/backcountrygreenland.com\/da\/hotel-sisimiut\/","name":"Hotel Sisimiut - Backcountry Greenland","isPartOf":{"@id":"https:\/\/backcountrygreenland.com\/da\/#website"},"primaryImageOfPage":{"@id":"https:\/\/backcountrygreenland.com\/da\/hotel-sisimiut\/#primaryimage"},"image":{"@id":"https:\/\/backcountrygreenland.com\/da\/hotel-sisimiut\/#primaryimage"},"thumbnailUrl":"https:\/\/backcountrygreenland.com\/wp-content\/uploads\/2024\/06\/DJI_0591-scaled.jpg","datePublished":"2024-04-22T09:28:52+00:00","dateModified":"2025-01-22T20:37:40+00:00","breadcrumb":{"@id":"https:\/\/backcountrygreenland.com\/da\/hotel-sisimiut\/#breadcrumb"},"inLanguage":"da-DK","potentialAction":[{"@type":"ReadAction","target":["https:\/\/backcountrygreenland.com\/da\/hotel-sisimiut\/"]}]},{"@type":"ImageObject","inLanguage":"da-DK","@id":"https:\/\/backcountrygreenland.com\/da\/hotel-sisimiut\/#primaryimage","url":"https:\/\/backcountrygreenland.com\/wp-content\/uploads\/2024\/06\/DJI_0591-scaled.jpg","contentUrl":"https:\/\/backcountrygreenland.com\/wp-content\/uploads\/2024\/06\/DJI_0591-scaled.jpg","width":2560,"height":1440,"caption":"DCIM101MEDIADJI_0591.JPG"},{"@type":"BreadcrumbList","@id":"https:\/\/backcountrygreenland.com\/da\/hotel-sisimiut\/#breadcrumb","itemListElement":[{"@type":"ListItem","position":1,"name":"Home","item":"https:\/\/backcountrygreenland.com\/da\/"},{"@type":"ListItem","position":2,"name":"Hotel Sisimiut"}]},{"@type":"WebSite","@id":"https:\/\/backcountrygreenland.com\/da\/#website","url":"https:\/\/backcountrygreenland.com\/da\/","name":"Backcountry Greenland","description":"Backcountry Greenland","potentialAction":[{"@type":"SearchAction","target":{"@type":"EntryPoint","urlTemplate":"https:\/\/backcountrygreenland.com\/da\/?s={search_term_string}"},"query-input":{"@type":"PropertyValueSpecification","valueRequired":true,"valueName":"search_term_string"}}],"inLanguage":"da-DK"}]}},"_links":{"self":[{"href":"https:\/\/backcountrygreenland.com\/da\/wp-json\/wp\/v2\/pages\/320","targetHints":{"allow":["GET"]}}],"collection":[{"href":"https:\/\/backcountrygreenland.com\/da\/wp-json\/wp\/v2\/pages"}],"about":[{"href":"https:\/\/backcountrygreenland.com\/da\/wp-json\/wp\/v2\/types\/page"}],"author":[{"embeddable":true,"href":"https:\/\/backcountrygreenland.com\/da\/wp-json\/wp\/v2\/users\/1"}],"replies":[{"embeddable":true,"href":"https:\/\/backcountrygreenland.com\/da\/wp-json\/wp\/v2\/comments?post=320"}],"version-history":[{"count":105,"href":"https:\/\/backcountrygreenland.com\/da\/wp-json\/wp\/v2\/pages\/320\/revisions"}],"predecessor-version":[{"id":3308,"href":"https:\/\/backcountrygreenland.com\/da\/wp-json\/wp\/v2\/pages\/320\/revisions\/3308"}],"wp:featuredmedia":[{"embeddable":true,"href":"https:\/\/backcountrygreenland.com\/da\/wp-json\/wp\/v2\/media\/1708"}],"wp:attachment":[{"href":"https:\/\/backcountrygreenland.com\/da\/wp-json\/wp\/v2\/media?parent=320"}],"curies":[{"name":"wp","href":"https:\/\/api.w.org\/{rel}","templated":true}]}}