{"id":4271,"date":"2024-04-22T11:34:39","date_gmt":"2024-04-22T13:34:39","guid":{"rendered":"https:\/\/backcountrygreenland.com\/?page_id=4271"},"modified":"2025-10-08T11:42:24","modified_gmt":"2025-10-08T13:42:24","slug":"tours","status":"publish","type":"page","link":"https:\/\/backcountrygreenland.com\/da\/tours\/","title":{"rendered":"Tours"},"content":{"rendered":"<h1>\n<p>Tours<\/p>\n<\/h1>\n<div>\n<p><strong>Har du brug for hj\u00e6lp til planl\u00e6gningen?<\/strong> Udforsk vores feriepakker for en fuldt tilrettelagt oplevelse, der hj\u00e6lper dig med at f\u00e5 det bedste ud af dit ophold i Sisimiut. Eventyr og komfort venter \u2013 lad os guide dig til uforglemmelige \u00f8jeblikke.<\/p>\n<\/div>\n<p><p>\n        <a href=\"#\">Udforsk feriepakker<\/a>\n    <\/p>\n<\/p>\n<h1>Velkommen til Backcountry tours<\/h1>\n<div>\n<p><strong>Sisimiut Tours<\/strong><span>\u00a0<\/span>is your gateway to experiencing the town of Sisimiut and the breathtaking landscape that surrounds it. Throughout the year, we offer a wide variety of adventures tailored to each season<\/p>\n<\/div>\n<div>\n<p><strong>Filter your search here, or simply go exploring:<\/strong><\/p>\n<\/div>\n<div>\n<\/div>\n<p><!--more--><br \/>\n<!-- {\"type\":\"layout\",\"children\":[{\"type\":\"section\",\"props\":{\"class\":\"uk-light border-bottom\",\"header_transparent\":true,\"height\":\"viewport\",\"height_offset_top\":true,\"height_viewport\":80,\"image_position\":\"center-center\",\"image_size\":\"cover\",\"media_overlay_gradient\":\"linear-gradient(180deg, rgba(0,0,0,0) 50%, rgba(0,0,0,0.75) 100%)\",\"style\":\"default\",\"title_breakpoint\":\"xl\",\"title_position\":\"top-left\",\"title_rotation\":\"left\",\"vertical_align\":\"bottom\",\"video\":\"wp-content\\\/uploads\\\/2025\\\/02\\\/nora-aima-film.mp4\",\"width\":\"default\"},\"children\":[{\"type\":\"row\",\"props\":{\"layout\":\"1-2,1-2\"},\"children\":[{\"type\":\"column\",\"props\":{\"image_position\":\"center-center\",\"position_sticky_breakpoint\":\"m\",\"width_medium\":\"1-2\"},\"children\":[{\"type\":\"headline\",\"props\":{\"content\":\"\n\n<p>Tours<\\\/p>\",\"title_element\":\"h1\",\"title_style\":\"heading-large\"}}]},{\"type\":\"column\",\"props\":{\"image_position\":\"center-center\",\"position_sticky_breakpoint\":\"m\",\"width_medium\":\"1-2\"},\"children\":[{\"type\":\"text\",\"props\":{\"column_breakpoint\":\"m\",\"content\":\"\n\n<p><strong>Har du brug for hj\\u00e6lp til planl\\u00e6gningen?<\\\/strong> Udforsk vores feriepakker for en fuldt tilrettelagt oplevelse, der hj\\u00e6lper dig med at f\\u00e5 det bedste ud af dit ophold i Sisimiut. Eventyr og komfort venter \\u2013 lad os guide dig til uforglemmelige \\u00f8jeblikke.<\\\/p>\",\"margin\":\"default\",\"maxwidth\":\"large\"}},{\"type\":\"button\",\"props\":{\"grid_column_gap\":\"small\",\"grid_row_gap\":\"small\",\"margin\":\"default\"},\"children\":[{\"type\":\"button_item\",\"props\":{\"button_style\":\"default\",\"content\":\"Udforsk feriepakker\",\"dialog_layout\":\"modal\",\"dialog_offcanvas_flip\":true,\"icon_align\":\"left\",\"link\":\"#\"}}]}]}]}],\"name\":\"Top banner\"},{\"type\":\"section\",\"props\":{\"image_position\":\"center-center\",\"padding\":\"xsmall\",\"style\":\"primary\",\"title_breakpoint\":\"xl\",\"title_position\":\"top-left\",\"title_rotation\":\"left\",\"vertical_align\":\"\",\"width\":\"default\"},\"children\":[{\"type\":\"row\",\"children\":[{\"type\":\"column\",\"props\":{\"image_position\":\"center-center\",\"position_sticky_breakpoint\":\"m\"},\"children\":[{\"type\":\"breadcrumbs\",\"props\":{\"show_current\":true,\"show_home\":true}}]}]}]},{\"type\":\"section\",\"props\":{\"image_position\":\"center-center\",\"padding\":\"large\",\"style\":\"default\",\"title_breakpoint\":\"xl\",\"title_position\":\"top-left\",\"title_rotation\":\"left\",\"vertical_align\":\"\",\"width\":\"default\"},\"children\":[{\"type\":\"row\",\"children\":[{\"type\":\"column\",\"props\":{\"image_position\":\"center-center\",\"position_sticky_breakpoint\":\"m\"},\"children\":[{\"type\":\"headline\",\"props\":{\"content\":\"Velkommen til Backcountry tours\",\"text_align\":\"center\",\"title_element\":\"h1\"}},{\"type\":\"text\",\"props\":{\"block_align\":\"center\",\"column_breakpoint\":\"m\",\"content\":\"\n\n<p><strong>Sisimiut Tours<\\\/strong><span>\\u00a0<\\\/span>is your gateway to experiencing the town of Sisimiut and the breathtaking landscape that surrounds it. Throughout the year, we offer a wide variety of adventures tailored to each season<\\\/p>\",\"margin\":\"default\",\"maxwidth\":\"2xlarge\",\"maxwidth_breakpoint\":\"m\",\"text_align\":\"center\"}}]}]}]},{\"type\":\"section\",\"props\":{\"image_position\":\"center-center\",\"style\":\"muted\",\"title_breakpoint\":\"xl\",\"title_position\":\"top-left\",\"title_rotation\":\"left\",\"vertical_align\":\"\",\"width\":\"expand\"},\"children\":[{\"type\":\"row\",\"children\":[{\"type\":\"column\",\"props\":{\"image_position\":\"center-center\",\"position_sticky_breakpoint\":\"m\"},\"children\":[{\"type\":\"text\",\"props\":{\"column_breakpoint\":\"m\",\"content\":\"\n\n<p><strong>Filter your search here, or simply go exploring:<\\\/strong><\\\/p>\",\"margin\":\"default\",\"text_align\":\"center\",\"text_color\":\"primary\"}},{\"type\":\"grid_tours\",\"props\":{\"content_column_breakpoint\":\"m\",\"filter\":true,\"filter_align\":\"center\",\"filter_all\":true,\"filter_animation\":\"fade\",\"filter_grid_breakpoint\":\"m\",\"filter_grid_width\":\"auto\",\"filter_order\":\"manual\",\"filter_order_manual\":\"Snow, No Snow, Sled dogs, Snow mobiles, Nothern lights, Backcountry, Culture, Hiking, ATV\\\/UTV,  Boat tours\",\"filter_position\":\"top\",\"filter_style\":\"subnav-pill\",\"grid_default\":\"1\",\"grid_large\":\"4\",\"grid_medium\":\"3\",\"grid_small\":\"2\",\"grid_xlarge\":\"5\",\"icon_width\":80,\"image_align\":\"top\",\"image_grid_breakpoint\":\"m\",\"image_grid_width\":\"1-2\",\"image_height\":\"400\",\"image_svg_color\":\"emphasis\",\"image_width\":\"500\",\"item_animation\":true,\"link_style\":\"default\",\"link_text\":\"\",\"margin\":\"default\",\"meta_align\":\"above-title\",\"meta_element\":\"div\",\"meta_style\":\"\",\"panel_image_no_padding\":true,\"panel_link\":true,\"panel_padding\":\"small\",\"panel_style\":\"card-default\",\"show_content\":true,\"show_image\":true,\"show_link\":true,\"show_meta\":true,\"show_title\":true,\"title_align\":\"top\",\"title_element\":\"h3\",\"title_grid_breakpoint\":\"m\",\"title_grid_width\":\"1-2\",\"title_hover_style\":\"reset\",\"title_margin\":\"remove\"},\"children\":[{\"type\":\"grid_item_tours\",\"source\":{\"query\":{\"name\":\"tours.customTours\",\"arguments\":{\"terms\":[],\"category_operator\":\"IN\",\"users\":[],\"users_operator\":\"IN\",\"offset\":0,\"limit\":100,\"order\":\"menu_order\",\"order_direction\":\"DESC\",\"post_tag_operator\":\"IN\",\"type_tours_operator\":\"IN\"}},\"props\":{\"title\":{\"filters\":{\"search\":\"\"},\"name\":\"title\"},\"meta\":{\"filters\":{\"search\":\"\"},\"name\":\"field.season\"},\"price\":{\"filters\":{\"search\":\"\",\"before\":\"\",\"after\":\"\"},\"name\":\"field.pricing_adult\"},\"image_alt\":{\"filters\":{\"search\":\"\"},\"name\":\"title\"},\"label\":{\"filters\":{\"search\":\"\"},\"name\":\"field.label\"},\"duration\":{\"filters\":{\"search\":\"\",\"before\":\"\",\"after\":\"\"},\"name\":\"field.duration\"},\"difficulty\":{\"filters\":{\"search\":\"\"},\"name\":\"field.difficulty\"},\"link\":{\"filters\":{\"search\":\"\"},\"name\":\"link\"},\"tags\":{\"filters\":{\"search\":\"\"},\"arguments\":{\"separator\":\", \",\"show_link\":true,\"link_style\":\"\"},\"name\":\"type_toursString\"}}},\"source_extended\":{\"props\":{\"image\":{\"composed\":{\"value\":\"{{ sources.eba9 }}\",\"sources\":{\"eba9\":{\"filters\":{\"search\":\"\"},\"name\":\"featuredImage.url\"}},\"conditions\":{}}}}}}]}]}]}]}],\"version\":\"4.5.24\",\"yooessentialsVersion\":\"2.4.4\"} --><\/p>\n","protected":false},"excerpt":{"rendered":"<p>Tours Har du brug for hj\u00e6lp til planl\u00e6gningen? Udforsk vores feriepakker for en fuldt tilrettelagt oplevelse, der hj\u00e6lper dig med at f\u00e5 det bedste ud af dit ophold i Sisimiut. Eventyr og komfort venter \u2013 lad os guide dig til uforglemmelige \u00f8jeblikke. Udforsk feriepakker Velkommen til Backcountry tours Sisimiut Tours\u00a0is your gateway to experiencing the [&hellip;]<\/p>\n","protected":false},"author":1,"featured_media":3282,"parent":0,"menu_order":0,"comment_status":"closed","ping_status":"closed","template":"","meta":{"_acf_changed":false,"footnotes":""},"class_list":["post-4271","page","type-page","status-publish","has-post-thumbnail","hentry"],"acf":[],"yoast_head":"<!-- This site is optimized with the Yoast SEO plugin v27.4 - https:\/\/yoast.com\/product\/yoast-seo-wordpress\/ -->\n<title>Tours - Backcountry Greenland<\/title>\n<meta name=\"robots\" content=\"index, follow, max-snippet:-1, max-image-preview:large, max-video-preview:-1\" \/>\n<link rel=\"canonical\" href=\"https:\/\/backcountrygreenland.com\/da\/tours\/\" \/>\n<meta property=\"og:locale\" content=\"da_DK\" \/>\n<meta property=\"og:type\" content=\"article\" \/>\n<meta property=\"og:title\" content=\"Tours - Backcountry Greenland\" \/>\n<meta property=\"og:description\" content=\"Tours Har du brug for hj\u00e6lp til planl\u00e6gningen? Udforsk vores feriepakker for en fuldt tilrettelagt oplevelse, der hj\u00e6lper dig med at f\u00e5 det bedste ud af dit ophold i Sisimiut. Eventyr og komfort venter \u2013 lad os guide dig til uforglemmelige \u00f8jeblikke. Udforsk feriepakker Velkommen til Backcountry tours Sisimiut Tours\u00a0is your gateway to experiencing the [&hellip;]\" \/>\n<meta property=\"og:url\" content=\"https:\/\/backcountrygreenland.com\/da\/tours\/\" \/>\n<meta property=\"og:site_name\" content=\"Backcountry Greenland\" \/>\n<meta property=\"article:modified_time\" content=\"2025-10-08T13:42:24+00:00\" \/>\n<meta property=\"og:image\" content=\"https:\/\/backcountrygreenland.com\/wp-content\/uploads\/2024\/12\/e52ab952-f314-476c-9d7c-d63b27a4317c.jpg\" \/>\n\t<meta property=\"og:image:width\" content=\"2048\" \/>\n\t<meta property=\"og:image:height\" content=\"1536\" \/>\n\t<meta property=\"og:image:type\" content=\"image\/jpeg\" \/>\n<meta name=\"twitter:card\" content=\"summary_large_image\" \/>\n<meta name=\"twitter:label1\" content=\"Estimeret l\u00e6setid\" \/>\n\t<meta name=\"twitter:data1\" content=\"1 minut\" \/>\n<script type=\"application\/ld+json\" class=\"yoast-schema-graph\">{\"@context\":\"https:\\\/\\\/schema.org\",\"@graph\":[{\"@type\":\"WebPage\",\"@id\":\"https:\\\/\\\/backcountrygreenland.com\\\/da\\\/tours\\\/\",\"url\":\"https:\\\/\\\/backcountrygreenland.com\\\/da\\\/tours\\\/\",\"name\":\"Tours - Backcountry Greenland\",\"isPartOf\":{\"@id\":\"https:\\\/\\\/backcountrygreenland.com\\\/da\\\/#website\"},\"primaryImageOfPage\":{\"@id\":\"https:\\\/\\\/backcountrygreenland.com\\\/da\\\/tours\\\/#primaryimage\"},\"image\":{\"@id\":\"https:\\\/\\\/backcountrygreenland.com\\\/da\\\/tours\\\/#primaryimage\"},\"thumbnailUrl\":\"https:\\\/\\\/backcountrygreenland.com\\\/wp-content\\\/uploads\\\/2024\\\/12\\\/e52ab952-f314-476c-9d7c-d63b27a4317c.jpg\",\"datePublished\":\"2024-04-22T13:34:39+00:00\",\"dateModified\":\"2025-10-08T13:42:24+00:00\",\"breadcrumb\":{\"@id\":\"https:\\\/\\\/backcountrygreenland.com\\\/da\\\/tours\\\/#breadcrumb\"},\"inLanguage\":\"da-DK\",\"potentialAction\":[{\"@type\":\"ReadAction\",\"target\":[\"https:\\\/\\\/backcountrygreenland.com\\\/da\\\/tours\\\/\"]}]},{\"@type\":\"ImageObject\",\"inLanguage\":\"da-DK\",\"@id\":\"https:\\\/\\\/backcountrygreenland.com\\\/da\\\/tours\\\/#primaryimage\",\"url\":\"https:\\\/\\\/backcountrygreenland.com\\\/wp-content\\\/uploads\\\/2024\\\/12\\\/e52ab952-f314-476c-9d7c-d63b27a4317c.jpg\",\"contentUrl\":\"https:\\\/\\\/backcountrygreenland.com\\\/wp-content\\\/uploads\\\/2024\\\/12\\\/e52ab952-f314-476c-9d7c-d63b27a4317c.jpg\",\"width\":2048,\"height\":1536},{\"@type\":\"BreadcrumbList\",\"@id\":\"https:\\\/\\\/backcountrygreenland.com\\\/da\\\/tours\\\/#breadcrumb\",\"itemListElement\":[{\"@type\":\"ListItem\",\"position\":1,\"name\":\"Home\",\"item\":\"https:\\\/\\\/backcountrygreenland.com\\\/da\\\/\"},{\"@type\":\"ListItem\",\"position\":2,\"name\":\"Tours\"}]},{\"@type\":\"WebSite\",\"@id\":\"https:\\\/\\\/backcountrygreenland.com\\\/da\\\/#website\",\"url\":\"https:\\\/\\\/backcountrygreenland.com\\\/da\\\/\",\"name\":\"Backcountry Greenland\",\"description\":\"Backcountry Greenland\",\"potentialAction\":[{\"@type\":\"SearchAction\",\"target\":{\"@type\":\"EntryPoint\",\"urlTemplate\":\"https:\\\/\\\/backcountrygreenland.com\\\/da\\\/?s={search_term_string}\"},\"query-input\":{\"@type\":\"PropertyValueSpecification\",\"valueRequired\":true,\"valueName\":\"search_term_string\"}}],\"inLanguage\":\"da-DK\"}]}<\/script>\n<!-- \/ Yoast SEO plugin. -->","yoast_head_json":{"title":"Tours - Backcountry Greenland","robots":{"index":"index","follow":"follow","max-snippet":"max-snippet:-1","max-image-preview":"max-image-preview:large","max-video-preview":"max-video-preview:-1"},"canonical":"https:\/\/backcountrygreenland.com\/da\/tours\/","og_locale":"da_DK","og_type":"article","og_title":"Tours - Backcountry Greenland","og_description":"Tours Har du brug for hj\u00e6lp til planl\u00e6gningen? Udforsk vores feriepakker for en fuldt tilrettelagt oplevelse, der hj\u00e6lper dig med at f\u00e5 det bedste ud af dit ophold i Sisimiut. Eventyr og komfort venter \u2013 lad os guide dig til uforglemmelige \u00f8jeblikke. Udforsk feriepakker Velkommen til Backcountry tours Sisimiut Tours\u00a0is your gateway to experiencing the [&hellip;]","og_url":"https:\/\/backcountrygreenland.com\/da\/tours\/","og_site_name":"Backcountry Greenland","article_modified_time":"2025-10-08T13:42:24+00:00","og_image":[{"width":2048,"height":1536,"url":"https:\/\/backcountrygreenland.com\/wp-content\/uploads\/2024\/12\/e52ab952-f314-476c-9d7c-d63b27a4317c.jpg","type":"image\/jpeg"}],"twitter_card":"summary_large_image","twitter_misc":{"Estimeret l\u00e6setid":"1 minut"},"schema":{"@context":"https:\/\/schema.org","@graph":[{"@type":"WebPage","@id":"https:\/\/backcountrygreenland.com\/da\/tours\/","url":"https:\/\/backcountrygreenland.com\/da\/tours\/","name":"Tours - Backcountry Greenland","isPartOf":{"@id":"https:\/\/backcountrygreenland.com\/da\/#website"},"primaryImageOfPage":{"@id":"https:\/\/backcountrygreenland.com\/da\/tours\/#primaryimage"},"image":{"@id":"https:\/\/backcountrygreenland.com\/da\/tours\/#primaryimage"},"thumbnailUrl":"https:\/\/backcountrygreenland.com\/wp-content\/uploads\/2024\/12\/e52ab952-f314-476c-9d7c-d63b27a4317c.jpg","datePublished":"2024-04-22T13:34:39+00:00","dateModified":"2025-10-08T13:42:24+00:00","breadcrumb":{"@id":"https:\/\/backcountrygreenland.com\/da\/tours\/#breadcrumb"},"inLanguage":"da-DK","potentialAction":[{"@type":"ReadAction","target":["https:\/\/backcountrygreenland.com\/da\/tours\/"]}]},{"@type":"ImageObject","inLanguage":"da-DK","@id":"https:\/\/backcountrygreenland.com\/da\/tours\/#primaryimage","url":"https:\/\/backcountrygreenland.com\/wp-content\/uploads\/2024\/12\/e52ab952-f314-476c-9d7c-d63b27a4317c.jpg","contentUrl":"https:\/\/backcountrygreenland.com\/wp-content\/uploads\/2024\/12\/e52ab952-f314-476c-9d7c-d63b27a4317c.jpg","width":2048,"height":1536},{"@type":"BreadcrumbList","@id":"https:\/\/backcountrygreenland.com\/da\/tours\/#breadcrumb","itemListElement":[{"@type":"ListItem","position":1,"name":"Home","item":"https:\/\/backcountrygreenland.com\/da\/"},{"@type":"ListItem","position":2,"name":"Tours"}]},{"@type":"WebSite","@id":"https:\/\/backcountrygreenland.com\/da\/#website","url":"https:\/\/backcountrygreenland.com\/da\/","name":"Backcountry Greenland","description":"Backcountry Greenland","potentialAction":[{"@type":"SearchAction","target":{"@type":"EntryPoint","urlTemplate":"https:\/\/backcountrygreenland.com\/da\/?s={search_term_string}"},"query-input":{"@type":"PropertyValueSpecification","valueRequired":true,"valueName":"search_term_string"}}],"inLanguage":"da-DK"}]}},"_links":{"self":[{"href":"https:\/\/backcountrygreenland.com\/da\/wp-json\/wp\/v2\/pages\/4271","targetHints":{"allow":["GET"]}}],"collection":[{"href":"https:\/\/backcountrygreenland.com\/da\/wp-json\/wp\/v2\/pages"}],"about":[{"href":"https:\/\/backcountrygreenland.com\/da\/wp-json\/wp\/v2\/types\/page"}],"author":[{"embeddable":true,"href":"https:\/\/backcountrygreenland.com\/da\/wp-json\/wp\/v2\/users\/1"}],"replies":[{"embeddable":true,"href":"https:\/\/backcountrygreenland.com\/da\/wp-json\/wp\/v2\/comments?post=4271"}],"version-history":[{"count":10,"href":"https:\/\/backcountrygreenland.com\/da\/wp-json\/wp\/v2\/pages\/4271\/revisions"}],"predecessor-version":[{"id":4284,"href":"https:\/\/backcountrygreenland.com\/da\/wp-json\/wp\/v2\/pages\/4271\/revisions\/4284"}],"wp:featuredmedia":[{"embeddable":true,"href":"https:\/\/backcountrygreenland.com\/da\/wp-json\/wp\/v2\/media\/3282"}],"wp:attachment":[{"href":"https:\/\/backcountrygreenland.com\/da\/wp-json\/wp\/v2\/media?parent=4271"}],"curies":[{"name":"wp","href":"https:\/\/api.w.org\/{rel}","templated":true}]}}